{"id":66,"date":"2020-10-22T01:21:07","date_gmt":"2020-10-22T01:21:07","guid":{"rendered":"https:\/\/schqc.cl\/sitio\/?page_id=66"},"modified":"2020-11-30T01:10:17","modified_gmt":"2020-11-30T01:10:17","slug":"objetivos","status":"publish","type":"page","link":"https:\/\/schqc.cl\/sitio\/objetivos\/","title":{"rendered":"Objetivos"},"content":{"rendered":"<div id=\"pl-66\"  class=\"panel-layout\" ><div id=\"pg-66-0\"  class=\"panel-grid panel-no-style\" ><div id=\"pgc-66-0-0\"  class=\"panel-grid-cell\" ><div id=\"panel-66-0-0-0\" class=\"so-panel widget widget_headline-widget panel-first-child panel-last-child\" data-index=\"0\" >\t\t<h1>Objetivos<\/h1>\n\t\t<div class=\"decoration\"><div class=\"decoration-inside\"><\/div><\/div>\n\t\t<h3><\/h3>\n\t\t<\/div><\/div><\/div><div id=\"pg-66-1\"  class=\"panel-grid panel-no-style\" ><div id=\"pgc-66-1-0\"  class=\"panel-grid-cell\" ><div id=\"panel-66-1-0-0\" class=\"so-panel widget widget_sow-editor panel-first-child panel-last-child\" data-index=\"1\" ><div class=\"so-widget-sow-editor so-widget-sow-editor-base\">\n<div class=\"siteorigin-widget-tinymce textwidget\">\n\t<div class=\"container outercont\">\n<div id=\"page-content\" class=\"row\">\n<section id=\"region-main\" class=\"col-12\">\n<div role=\"main\">\n<div class=\"box py-3 generalbox center clearfix\">\n<div class=\"no-overflow\">\n<ol>\n<li>Facilitar y difundir un intercambio activo y moderno de informaci\u00f3n cient\u00edfica con las entidades cient\u00edficas afines (Sociedades Cient\u00edficas locales, regionales (COLABIOCLI) e internacionales (IFCC), con proyectos claramente definidos y trazables, difundiendo oportunamente toda la informaci\u00f3n a los socios de la SCHQC.<\/li>\n<li>Impulsar v\u00ednculos formales con las Universidades formadoras de los profesionales del laboratorio cl\u00ednico de nuestro pa\u00eds, produciendo una fruct\u00edfera retroalimentaci\u00f3n que no se circunscriba solamente a la producci\u00f3n de Congresos, sino que contribuya a mejorar la formaci\u00f3n de pre y post grado y post t\u00edtulo de los profesionales que requiere el pa\u00eds.<\/li>\n<li>Establecer un v\u00ednculo de trabajo constante, que se desarrolle en forma planificada con los Fabricantes y Proveedores de Reactivos de Diagn\u00f3stico in Vitro, cuyos frutos beneficien a ambas partes; modelo que ha dado excelentes resultados en las m\u00e1s prestigiosas Entidades Cient\u00edficas del mundo desarrollado.<\/li>\n<li>Relacionarse constantemente con la Autoridad Sanitaria de nuestro pa\u00eds, colaborando con nuestras mejores competencias frente a los desaf\u00edos de las regulaciones sanitarias que involucran fuertemente a los laboratorios cl\u00ednicos.<\/li>\n<li>Incorporar a la SCHQC de manera protag\u00f3nica en la armonizaci\u00f3n internacional (ISO-TC212), a trav\u00e9s del Instituto Nacional de Normalizaci\u00f3n INN.<\/li>\n<li>Adquirir membres\u00edas internacionales que nos planteen nuevos desaf\u00edos como organizaci\u00f3n en el \u00e1mbito de los reconocimientos internacionales y de cooperaci\u00f3n t\u00e9cnica.<\/li>\n<\/ol>\n<p>&nbsp;<\/p>\n<\/div>\n<\/div>\n<\/div>\n<\/section>\n<\/div>\n<\/div>\n<footer id=\"page-footer\">\n<div id=\"course-footer\"><\/div>\n<div class=\"container blockplace1\">\n<div class=\"row\">\n<div class=\"left-col col-4\"><\/div>\n<div class=\"left-col col-4\">\n<h5><\/h5>\n<p>&nbsp;<\/p>\n<\/div>\n<div class=\"left-col col-4\">\n<p>&nbsp;<\/p>\n<\/div>\n<\/div>\n<div class=\"row\"><\/div>\n<div class=\"row\"><\/div>\n<\/div>\n<div class=\"container\">\n<div class=\"row\">\n<div class=\"col-12 pagination-centered\">\n<div class=\"socialbox\"><\/div>\n<\/div>\n<\/div>\n<\/div>\n<div class=\"info container2 clearfix\">\n<div class=\"container\">\n<div class=\"row\">\n<div class=\"col-md-8 my-md-0 my-2\"><\/div>\n<\/div>\n<\/div>\n<\/div>\n<\/footer>\n<\/div>\n<\/div><\/div><\/div><\/div><\/div>","protected":false},"excerpt":{"rendered":"<p>Facilitar y difundir un intercambio activo y moderno de informaci\u00f3n cient\u00edfica con las entidades cient\u00edficas afines (Sociedades Cient\u00edficas locales, regionales (COLABIOCLI) e internacionales (IFCC), con proyectos claramente definidos y trazables, difundiendo oportunamente toda la informaci\u00f3n a los socios de la SCHQC. Impulsar v\u00ednculos formales con las Universidades formadoras de los profesionales del laboratorio cl\u00ednico de [&hellip;]<\/p>\n","protected":false},"author":1,"featured_media":0,"parent":0,"menu_order":0,"comment_status":"closed","ping_status":"closed","template":"","meta":[],"_links":{"self":[{"href":"https:\/\/schqc.cl\/sitio\/wp-json\/wp\/v2\/pages\/66"}],"collection":[{"href":"https:\/\/schqc.cl\/sitio\/wp-json\/wp\/v2\/pages"}],"about":[{"href":"https:\/\/schqc.cl\/sitio\/wp-json\/wp\/v2\/types\/page"}],"author":[{"embeddable":true,"href":"https:\/\/schqc.cl\/sitio\/wp-json\/wp\/v2\/users\/1"}],"replies":[{"embeddable":true,"href":"https:\/\/schqc.cl\/sitio\/wp-json\/wp\/v2\/comments?post=66"}],"version-history":[{"count":5,"href":"https:\/\/schqc.cl\/sitio\/wp-json\/wp\/v2\/pages\/66\/revisions"}],"predecessor-version":[{"id":383,"href":"https:\/\/schqc.cl\/sitio\/wp-json\/wp\/v2\/pages\/66\/revisions\/383"}],"wp:attachment":[{"href":"https:\/\/schqc.cl\/sitio\/wp-json\/wp\/v2\/media?parent=66"}],"curies":[{"name":"wp","href":"https:\/\/api.w.org\/{rel}","templated":true}]}}