{"id":64,"date":"2020-10-22T01:20:28","date_gmt":"2020-10-22T01:20:28","guid":{"rendered":"https:\/\/schqc.cl\/sitio\/?page_id=64"},"modified":"2020-11-28T15:09:44","modified_gmt":"2020-11-28T15:09:44","slug":"directorio","status":"publish","type":"page","link":"https:\/\/schqc.cl\/sitio\/directorio\/","title":{"rendered":"Mesa directiva"},"content":{"rendered":"<div id=\"pl-64\"  class=\"panel-layout\" ><div id=\"pg-64-0\"  class=\"panel-grid panel-no-style\" ><div id=\"pgc-64-0-0\"  class=\"panel-grid-cell\" ><div id=\"panel-64-0-0-0\" class=\"so-panel widget widget_headline-widget panel-first-child panel-last-child\" data-index=\"0\" >\t\t<h1>Mesa directiva<\/h1>\n\t\t<div class=\"decoration\"><div class=\"decoration-inside\"><\/div><\/div>\n\t\t<h3><\/h3>\n\t\t<\/div><\/div><\/div><div id=\"pg-64-1\"  class=\"panel-grid panel-no-style\" ><div id=\"pgc-64-1-0\"  class=\"panel-grid-cell\" ><div id=\"panel-64-1-0-0\" class=\"so-panel widget widget_sow-editor panel-first-child panel-last-child\" data-index=\"1\" ><div class=\"so-widget-sow-editor so-widget-sow-editor-base\">\n<div class=\"siteorigin-widget-tinymce textwidget\">\n\t<table>\n<thead>\n<tr>\n<th scope=\"col\"><img loading=\"lazy\" class=\"alignnone size-full wp-image-85\" src=\"https:\/\/schqc.cl\/sitio\/wp-content\/uploads\/2020\/10\/foto1-150x150-1.jpg\" alt=\"\" width=\"150\" height=\"150\" \/><\/th>\n<th scope=\"col\"><img loading=\"lazy\" class=\"alignnone size-full wp-image-87\" src=\"https:\/\/schqc.cl\/sitio\/wp-content\/uploads\/2020\/10\/MEARREDONDO-150x150-1.jpg\" alt=\"\" width=\"150\" height=\"150\" \/><\/th>\n<th scope=\"col\"><img loading=\"lazy\" class=\"alignnone size-full wp-image-88\" src=\"https:\/\/schqc.cl\/sitio\/wp-content\/uploads\/2020\/10\/foto2-150x150-1.jpg\" alt=\"\" width=\"150\" height=\"150\" \/><\/th>\n<th scope=\"col\"><img loading=\"lazy\" class=\"alignnone size-full wp-image-89\" src=\"https:\/\/schqc.cl\/sitio\/wp-content\/uploads\/2020\/10\/foto3-150x150-1.jpg\" alt=\"\" width=\"150\" height=\"150\" \/><\/th>\n<\/tr>\n<\/thead>\n<tbody>\n<tr>\n<td><span class=\"\">M. Ang\u00e9lica Lagos<\/span><\/p>\n<p><span class=\"\">Presidenta<\/span><\/td>\n<td><span class=\"\">M. Elena Arredondo<\/span><\/p>\n<p><span class=\"\">Vice Presidenta<\/span><\/td>\n<td><span class=\"\">Ren\u00e9 G\u00f3mez<\/span><\/p>\n<p><span class=\"\">Secretario<\/span><\/td>\n<td><span class=\"\">Eduardo Aranda<\/span><\/p>\n<p><span class=\"\">Tesorero<\/span><\/td>\n<\/tr>\n<\/tbody>\n<\/table>\n<\/div>\n<\/div><\/div><\/div><\/div><\/div>","protected":false},"excerpt":{"rendered":"<p>M. Ang\u00e9lica Lagos Presidenta M. Elena Arredondo Vice Presidenta Ren\u00e9 G\u00f3mez Secretario Eduardo Aranda Tesorero<\/p>\n","protected":false},"author":1,"featured_media":0,"parent":0,"menu_order":0,"comment_status":"closed","ping_status":"closed","template":"","meta":[],"_links":{"self":[{"href":"https:\/\/schqc.cl\/sitio\/wp-json\/wp\/v2\/pages\/64"}],"collection":[{"href":"https:\/\/schqc.cl\/sitio\/wp-json\/wp\/v2\/pages"}],"about":[{"href":"https:\/\/schqc.cl\/sitio\/wp-json\/wp\/v2\/types\/page"}],"author":[{"embeddable":true,"href":"https:\/\/schqc.cl\/sitio\/wp-json\/wp\/v2\/users\/1"}],"replies":[{"embeddable":true,"href":"https:\/\/schqc.cl\/sitio\/wp-json\/wp\/v2\/comments?post=64"}],"version-history":[{"count":6,"href":"https:\/\/schqc.cl\/sitio\/wp-json\/wp\/v2\/pages\/64\/revisions"}],"predecessor-version":[{"id":86,"href":"https:\/\/schqc.cl\/sitio\/wp-json\/wp\/v2\/pages\/64\/revisions\/86"}],"wp:attachment":[{"href":"https:\/\/schqc.cl\/sitio\/wp-json\/wp\/v2\/media?parent=64"}],"curies":[{"name":"wp","href":"https:\/\/api.w.org\/{rel}","templated":true}]}}