{"id":128,"date":"2020-11-22T15:38:58","date_gmt":"2020-11-22T15:38:58","guid":{"rendered":"https:\/\/schqc.cl\/sitio\/?page_id=128"},"modified":"2020-11-28T15:08:20","modified_gmt":"2020-11-28T15:08:20","slug":"historia","status":"publish","type":"page","link":"https:\/\/schqc.cl\/sitio\/historia\/","title":{"rendered":"Historia"},"content":{"rendered":"<div id=\"pl-128\"  class=\"panel-layout\" ><div id=\"pg-128-0\"  class=\"panel-grid panel-no-style\" ><div id=\"pgc-128-0-0\"  class=\"panel-grid-cell\" ><div id=\"panel-128-0-0-0\" class=\"so-panel widget widget_headline-widget panel-first-child panel-last-child\" data-index=\"0\" >\t\t<h1>Historia<\/h1>\n\t\t<div class=\"decoration\"><div class=\"decoration-inside\"><\/div><\/div>\n\t\t<h3><\/h3>\n\t\t<\/div><\/div><\/div><div id=\"pg-128-1\"  class=\"panel-grid panel-no-style\" ><div id=\"pgc-128-1-0\"  class=\"panel-grid-cell\" ><div id=\"panel-128-1-0-0\" class=\"so-panel widget widget_sow-editor panel-first-child panel-last-child\" data-index=\"1\" ><div class=\"so-widget-sow-editor so-widget-sow-editor-base\">\n<div class=\"siteorigin-widget-tinymce textwidget\">\n\t<p>La Sociedad Chilena de Qu\u00edmica Cl\u00ednica es una organizaci\u00f3n cient\u00edfica sin fines de lucro y re\u00fane a los profesionales del laboratorio cl\u00ednico: Bioqu\u00edmicos, M\u00e9dicos de laboratorio cl\u00ednico, Qu\u00edmicos Farmac\u00e9uticos, y Tecn\u00f3logos M\u00e9dicos.<\/p>\n<p>Miembro y representante oficial de la Federaci\u00f3n Internacional de Qu\u00edmica Cl\u00ednica y Ciencias del laboratorio (IFCC), de la Confederaci\u00f3n Latinoamericana de Bioqu\u00edmica Cl\u00ednica (Colabiocli) y de la Cooperaci\u00f3n Interamericana de Acreditaci\u00f3n (IAAC).<\/p>\n<p>Preocupados de la calidad de los servicios que el laboratorio proporciona, trabajamos permanentemente en la promoci\u00f3n del conocimiento y creaci\u00f3n de sistemas de calidad en los \u00e1mbitos de las disciplinas del laboratorio cl\u00ednico, para contribuir concretamente al desarrollo global de los laboratorios de nuestro pa\u00eds, incentiv\u00e1ndolos a un desempe\u00f1o que logre alcanzar los m\u00e1s altos est\u00e1ndares de calidad.<\/p>\n<p>Con m\u00e1s de 30 a\u00f1os de ejercicio, hemos realizado innumerables actividades cient\u00edficas, seminarios, cursos y talleres siendo el m\u00e1s importante el \u201cCongreso Chileno de Qu\u00edmica Cl\u00ednica.<\/p>\n<p>Adem\u00e1s hemos organizado importantes eventos regionales el\u00a0<strong>\u201cXIX Congreso Latinoamericano de Bioqu\u00edmica Cl\u00ednica \u201c2010, Seminario \u201cAutorizaci\u00f3n y Acreditaci\u00f3n de Laboratorios Cl\u00ednicos\u201d en 2011 y el Taller \u201cExplorando las v\u00edas de Apoyo a la Mejora de la Trazabilidad en el Laboratorio Cl\u00ednico en Am\u00e9rica Latina y el Caribe\u201d 2014.<\/strong><\/p>\n<p>Participamos activamente de los procesos de modernizaci\u00f3n y cambios a nivel nacional relacionados con leyes del sector salud vinculadas a la calidad de los servicios que se otorgan a la poblaci\u00f3n a trav\u00e9s de un trabajo de colaboraci\u00f3n t\u00e9cnica con la Autoridad Sanitaria (Minsal).<\/p>\n<\/div>\n<\/div><\/div><\/div><\/div><\/div>","protected":false},"excerpt":{"rendered":"<p>La Sociedad Chilena de Qu\u00edmica Cl\u00ednica es una organizaci\u00f3n cient\u00edfica sin fines de lucro y re\u00fane a los profesionales del laboratorio cl\u00ednico: Bioqu\u00edmicos, M\u00e9dicos de laboratorio cl\u00ednico, Qu\u00edmicos Farmac\u00e9uticos, y Tecn\u00f3logos M\u00e9dicos. Miembro y representante oficial de la Federaci\u00f3n Internacional de Qu\u00edmica Cl\u00ednica y Ciencias del laboratorio (IFCC), de la Confederaci\u00f3n Latinoamericana de Bioqu\u00edmica Cl\u00ednica [&hellip;]<\/p>\n","protected":false},"author":1,"featured_media":0,"parent":0,"menu_order":0,"comment_status":"closed","ping_status":"closed","template":"","meta":[],"_links":{"self":[{"href":"https:\/\/schqc.cl\/sitio\/wp-json\/wp\/v2\/pages\/128"}],"collection":[{"href":"https:\/\/schqc.cl\/sitio\/wp-json\/wp\/v2\/pages"}],"about":[{"href":"https:\/\/schqc.cl\/sitio\/wp-json\/wp\/v2\/types\/page"}],"author":[{"embeddable":true,"href":"https:\/\/schqc.cl\/sitio\/wp-json\/wp\/v2\/users\/1"}],"replies":[{"embeddable":true,"href":"https:\/\/schqc.cl\/sitio\/wp-json\/wp\/v2\/comments?post=128"}],"version-history":[{"count":5,"href":"https:\/\/schqc.cl\/sitio\/wp-json\/wp\/v2\/pages\/128\/revisions"}],"predecessor-version":[{"id":231,"href":"https:\/\/schqc.cl\/sitio\/wp-json\/wp\/v2\/pages\/128\/revisions\/231"}],"wp:attachment":[{"href":"https:\/\/schqc.cl\/sitio\/wp-json\/wp\/v2\/media?parent=128"}],"curies":[{"name":"wp","href":"https:\/\/api.w.org\/{rel}","templated":true}]}}