{"id":111,"date":"2020-11-22T15:18:25","date_gmt":"2020-11-22T15:18:25","guid":{"rendered":"https:\/\/schqc.cl\/sitio\/?page_id=111"},"modified":"2020-11-25T21:29:37","modified_gmt":"2020-11-25T21:29:37","slug":"requisitos","status":"publish","type":"page","link":"https:\/\/schqc.cl\/sitio\/requisitos\/","title":{"rendered":"Requisitos de incorporaci\u00f3n socios"},"content":{"rendered":"<ul>\n<li>Poseer un t\u00edtulo o grado acad\u00e9mico del \u00e1rea de laboratorio cl\u00ednico<\/li>\n<li>Curr\u00edculo resumido<\/li>\n<li>Completar y enviar formulario de solicitud de incorporaci\u00f3n<\/li>\n<li>Ser avalado por un socio activo<\/li>\n<li><strong>Valores <\/strong><\/li>\n<li>Cuota de incorporaci\u00f3n $20000<\/li>\n<li>Cuota anual $36000<\/li>\n<\/ul>\n","protected":false},"excerpt":{"rendered":"<p>Poseer un t\u00edtulo o grado acad\u00e9mico del \u00e1rea de laboratorio cl\u00ednico Curr\u00edculo resumido Completar y enviar formulario de solicitud de incorporaci\u00f3n Ser avalado por un socio activo Valores Cuota de incorporaci\u00f3n $20000 Cuota anual $36000<\/p>\n","protected":false},"author":1,"featured_media":0,"parent":0,"menu_order":0,"comment_status":"closed","ping_status":"closed","template":"","meta":[],"_links":{"self":[{"href":"https:\/\/schqc.cl\/sitio\/wp-json\/wp\/v2\/pages\/111"}],"collection":[{"href":"https:\/\/schqc.cl\/sitio\/wp-json\/wp\/v2\/pages"}],"about":[{"href":"https:\/\/schqc.cl\/sitio\/wp-json\/wp\/v2\/types\/page"}],"author":[{"embeddable":true,"href":"https:\/\/schqc.cl\/sitio\/wp-json\/wp\/v2\/users\/1"}],"replies":[{"embeddable":true,"href":"https:\/\/schqc.cl\/sitio\/wp-json\/wp\/v2\/comments?post=111"}],"version-history":[{"count":3,"href":"https:\/\/schqc.cl\/sitio\/wp-json\/wp\/v2\/pages\/111\/revisions"}],"predecessor-version":[{"id":194,"href":"https:\/\/schqc.cl\/sitio\/wp-json\/wp\/v2\/pages\/111\/revisions\/194"}],"wp:attachment":[{"href":"https:\/\/schqc.cl\/sitio\/wp-json\/wp\/v2\/media?parent=111"}],"curies":[{"name":"wp","href":"https:\/\/api.w.org\/{rel}","templated":true}]}}