{"id":107,"date":"2020-11-22T15:05:09","date_gmt":"2020-11-22T15:05:09","guid":{"rendered":"https:\/\/schqc.cl\/sitio\/?page_id=107"},"modified":"2022-04-07T21:31:19","modified_gmt":"2022-04-07T21:31:19","slug":"congreso","status":"publish","type":"page","link":"https:\/\/schqc.cl\/sitio\/congreso\/","title":{"rendered":"Congreso"},"content":{"rendered":"<p><img loading=\"lazy\" class=\"wp-image-100 aligncenter\" src=\"https:\/\/schqc.cl\/sitio\/wp-content\/uploads\/2020\/11\/Principal-300x158.png\" alt=\"\" width=\"481\" height=\"254\" srcset=\"https:\/\/schqc.cl\/sitio\/wp-content\/uploads\/2020\/11\/Principal-300x158.png 300w, https:\/\/schqc.cl\/sitio\/wp-content\/uploads\/2020\/11\/Principal-768x405.png 768w, https:\/\/schqc.cl\/sitio\/wp-content\/uploads\/2020\/11\/Principal-720x380.png 720w, https:\/\/schqc.cl\/sitio\/wp-content\/uploads\/2020\/11\/Principal.png 1024w\" sizes=\"(max-width: 481px) 100vw, 481px\" \/><\/p>\n<p>La Sociedad Chilena de Qu\u00edmica Cl\u00ednica, tiene el placer de invitarle a participar del XX Congreso Chileno de Qu\u00edmica Cl\u00ednica y Ciencias del Laboratorio que se celebrar\u00e1 el 18 y 19 de agosto 2022, y que tendr\u00e1 por sede el Centro de Convenciones del Hotel Intercontinental, Vitacura, Chile.<\/p>\n<p>El congreso contar\u00e1 con el patrocinio de la Federaci\u00f3n Internacional de Qu\u00edmica Cl\u00ednica IFCC y de la Confederaci\u00f3n Latinoamericana de Bioqu\u00edmica Cl\u00ednica (COLABIOCLI) entre otras prestigiosa instituciones, y tiene por sus objetivos principales intercambiar experiencias sobre el Laboratorio Cl\u00ednico y debatir los avances en\u00a0 tem\u00e1ticas relacionadas a las Ciencias del Laboratorio, el \u00a0desarrollo de nuevas tecnolog\u00edas y de las Ciencias de la informaci\u00f3n.<\/p>\n<p>Para lograr esto objetivos, trabajaremos muy unidos e incansablemente para \u00e9l \u00e9xito de este evento que re\u00fane a los profesionales del laboratorio cl\u00ednico, y de este\u00a0 modo alcanzar un espacio agradable que nos enriquezca y formar redes de apoyo en nuestra especialidad. Contaremos con un \u00e1rea de Exposici\u00f3n Comercial \u00a0(Expolab) para las empresas nacionales y extranjeras, contando con el auspicio de la Industria del Diagn\u00f3stico.<\/p>\n<p>En nombre del Comit\u00e9 Organizador y del Directorio de la Sociedad Chilena de Qu\u00edmica Cl\u00ednica esperamos contar con su activa participaci\u00f3n en\u00a0 nuestro magno evento.<\/p>\n<p>&nbsp;<\/p>\n<p>Atentamente,<\/p>\n<p>&nbsp;<\/p>\n<p>Dra. Ang\u00e9lica Lagos V.<\/p>\n<p>Presidente<\/p>\n","protected":false},"excerpt":{"rendered":"<p>La Sociedad Chilena de Qu\u00edmica Cl\u00ednica, tiene el placer de invitarle a participar del XX Congreso Chileno de Qu\u00edmica Cl\u00ednica y Ciencias del Laboratorio que se celebrar\u00e1 el 18 y 19 de agosto 2022, y que tendr\u00e1 por sede el Centro de Convenciones del Hotel Intercontinental, Vitacura, Chile. El congreso contar\u00e1 con el patrocinio de [&hellip;]<\/p>\n","protected":false},"author":1,"featured_media":0,"parent":0,"menu_order":0,"comment_status":"closed","ping_status":"closed","template":"templates\/template-full.php","meta":[],"_links":{"self":[{"href":"https:\/\/schqc.cl\/sitio\/wp-json\/wp\/v2\/pages\/107"}],"collection":[{"href":"https:\/\/schqc.cl\/sitio\/wp-json\/wp\/v2\/pages"}],"about":[{"href":"https:\/\/schqc.cl\/sitio\/wp-json\/wp\/v2\/types\/page"}],"author":[{"embeddable":true,"href":"https:\/\/schqc.cl\/sitio\/wp-json\/wp\/v2\/users\/1"}],"replies":[{"embeddable":true,"href":"https:\/\/schqc.cl\/sitio\/wp-json\/wp\/v2\/comments?post=107"}],"version-history":[{"count":4,"href":"https:\/\/schqc.cl\/sitio\/wp-json\/wp\/v2\/pages\/107\/revisions"}],"predecessor-version":[{"id":367,"href":"https:\/\/schqc.cl\/sitio\/wp-json\/wp\/v2\/pages\/107\/revisions\/367"}],"wp:attachment":[{"href":"https:\/\/schqc.cl\/sitio\/wp-json\/wp\/v2\/media?parent=107"}],"curies":[{"name":"wp","href":"https:\/\/api.w.org\/{rel}","templated":true}]}}