{"id":104,"date":"2020-11-22T15:00:53","date_gmt":"2020-11-22T15:00:53","guid":{"rendered":"https:\/\/schqc.cl\/sitio\/?page_id=104"},"modified":"2021-03-17T03:52:24","modified_gmt":"2021-03-17T03:52:24","slug":"sitios-de-interes","status":"publish","type":"page","link":"https:\/\/schqc.cl\/sitio\/sitios-de-interes\/","title":{"rendered":"Sitios de inter\u00e9s"},"content":{"rendered":"<div id=\"pl-104\"  class=\"panel-layout\" ><div id=\"pg-104-0\"  class=\"panel-grid panel-no-style\" ><div id=\"pgc-104-0-0\"  class=\"panel-grid-cell\" ><div id=\"panel-104-0-0-0\" class=\"so-panel widget widget_sow-editor panel-first-child panel-last-child\" data-index=\"0\" ><div class=\"so-widget-sow-editor so-widget-sow-editor-base\">\n<div class=\"siteorigin-widget-tinymce textwidget\">\n\t<p><a href=\"https:\/\/colabiocli.com\/grupo-de-trabajo-gestion-de-acreditacion\/\" target=\"_blank\" rel=\"noopener noreferrer\">Colabiocli. Grupo de Trabajo Gesti\u00f3n de Acreditaci\u00f3n<\/a><\/p>\n<p><a href=\"https:\/\/colabiocli.com\/grupo-de-trabajo-wg-pre-latam\/\" target=\"_blank\" rel=\"noopener noreferrer\">Colabiocli. WG-PRE-LATAM: Grupo de Trabajo Latinoamericano para la Fase Preanalitica\u200b<\/a><\/p>\n<p><a href=\"https:\/\/colabiocli.com\/xxv-congreso-latinoamericano-de-bioquimica-clinica\/\" target=\"_blank\" rel=\"noopener noreferrer\">Colabiocli. XXV Congreso latinoamericano de bioqu\u00edmica cl\u00ednica\/<\/a><\/p>\n<p><a href=\"https:\/\/colabiocli.com\/mesa-directiva\/\" target=\"_blank\" rel=\"noopener noreferrer\">Conformaci\u00f3n de la confederaci\u00f3n latinoamericana de bioqu\u00edmica cl\u00ednica<\/a><\/p>\n<p><a href=\"https:\/\/biologicalvariation.eu\/\" target=\"_blank\" rel=\"noopener noreferrer\">https:\/\/biologicalvariation.eu\/<\/a><\/p>\n<p><a href=\"https:\/\/www.investigacionyciencia.es\/files\/54345.pdf\" target=\"_blank\" rel=\"noopener noreferrer\">https:\/\/www.investigacionyciencia.es\/files\/54345.pdf<\/a><\/p>\n<p><a href=\"https:\/\/www.investigacionyciencia.es\/files\/54028.pdf\" target=\"_blank\" rel=\"noopener noreferrer\">https:\/\/www.investigacionyciencia.es\/files\/54028.pdf<\/a><\/p>\n<p><a href=\"https:\/\/www.investigacionyciencia.es\/files\/53967.pdf\" target=\"_blank\" rel=\"noopener noreferrer\">https:\/\/www.investigacionyciencia.es\/files\/53967.pdf<\/a><\/p>\n<p><a href=\"https:\/\/www.investigacionyciencia.es\/files\/54005.pdf\" target=\"_blank\" rel=\"noopener noreferrer\">https:\/\/www.investigacionyciencia.es\/files\/54005.pdf<\/a><\/p>\n<\/div>\n<\/div><\/div><\/div><\/div><\/div>","protected":false},"excerpt":{"rendered":"<p>Colabiocli. Grupo de Trabajo Gesti\u00f3n de Acreditaci\u00f3n Colabiocli. WG-PRE-LATAM: Grupo de Trabajo Latinoamericano para la Fase Preanalitica\u200b Colabiocli. XXV Congreso latinoamericano de bioqu\u00edmica cl\u00ednica\/ Conformaci\u00f3n de la confederaci\u00f3n latinoamericana de bioqu\u00edmica cl\u00ednica https:\/\/biologicalvariation.eu\/ https:\/\/www.investigacionyciencia.es\/files\/54345.pdf https:\/\/www.investigacionyciencia.es\/files\/54028.pdf https:\/\/www.investigacionyciencia.es\/files\/53967.pdf https:\/\/www.investigacionyciencia.es\/files\/54005.pdf<\/p>\n","protected":false},"author":1,"featured_media":0,"parent":0,"menu_order":0,"comment_status":"closed","ping_status":"closed","template":"","meta":[],"_links":{"self":[{"href":"https:\/\/schqc.cl\/sitio\/wp-json\/wp\/v2\/pages\/104"}],"collection":[{"href":"https:\/\/schqc.cl\/sitio\/wp-json\/wp\/v2\/pages"}],"about":[{"href":"https:\/\/schqc.cl\/sitio\/wp-json\/wp\/v2\/types\/page"}],"author":[{"embeddable":true,"href":"https:\/\/schqc.cl\/sitio\/wp-json\/wp\/v2\/users\/1"}],"replies":[{"embeddable":true,"href":"https:\/\/schqc.cl\/sitio\/wp-json\/wp\/v2\/comments?post=104"}],"version-history":[{"count":14,"href":"https:\/\/schqc.cl\/sitio\/wp-json\/wp\/v2\/pages\/104\/revisions"}],"predecessor-version":[{"id":283,"href":"https:\/\/schqc.cl\/sitio\/wp-json\/wp\/v2\/pages\/104\/revisions\/283"}],"wp:attachment":[{"href":"https:\/\/schqc.cl\/sitio\/wp-json\/wp\/v2\/media?parent=104"}],"curies":[{"name":"wp","href":"https:\/\/api.w.org\/{rel}","templated":true}]}}